{"id":2179,"date":"2025-04-17T20:15:02","date_gmt":"2025-04-17T20:15:02","guid":{"rendered":"https:\/\/rastapatsid.ee\/pood\/?post_type=product&#038;p=2179"},"modified":"2026-04-14T06:54:11","modified_gmt":"2026-04-14T06:54:11","slug":"rastapatside-sampoon-dreadlab","status":"publish","type":"product","link":"https:\/\/www.rastapatsid.ee\/pood\/toode\/rastapatside-sampoon-dreadlab\/","title":{"rendered":"Rastapatside \u0161ampoon DreadLab"},"content":{"rendered":"<p>Meie sama DreadsUK \u0161ampoon uues pudelis, uue nimega &#8211; DreadLab \u0161ampoon<\/p>\n<p>Kahtlemata parim rastapatsidele loodud \u0161ampoon, mis saadaval on!<br \/>\nS\u00fcgavpuhastav, l\u00f5hnatu, seebita \u2013 ideaalne toode enda eest hoolitsevale patsikandjale.<\/p>\n<p>100% j\u00e4\u00e4kaineteta ja t\u00f5mbab juba esimese pesu ajal rastapatsidest v\u00e4lja ka eelmiste \u0161ampoonide j\u00e4\u00e4gid.<br \/>\nAinuke toode, mis on vajalik, et hoida rastapatse puhaste ja ilusatena.<\/p>\n<ul>\n<li>Eemaldab rastapatsidest j\u00e4\u00e4kained ja mustused<\/li>\n<li>Teeb rastapatsid tihedamateks<\/li>\n<li>Hoiab \u00e4ra lahtiseid karvu<\/li>\n<li>Tasakaalustatud pH (ei sisalda seepi)<\/li>\n<li>Rahustab s\u00fcgelevat\/ketendavat peanahka<\/li>\n<li>Sobib k\u00f5ikidele rastapatsidele<\/li>\n<li>Palsamita<\/li>\n<li>J\u00e4\u00e4kaineteta<\/li>\n<li>Seebita (!)<\/li>\n<li>Parf\u00fc\u00fcmideta<\/li>\n<li>Palmi\u00f5lita<\/li>\n<li>Parabeenideta<\/li>\n<li>Ei sisalda loomseid saadusi<\/li>\n<li>Ei ole katsetatud loomade peal<\/li>\n<li>Ei vaja kindlat veekaredust, et olla efektiivne<\/li>\n<li>Loodud spetsiaalselt rastapatside korralikuks pesemiseks, et need kandjale r\u00f5\u00f5mu pakuksid!<\/li>\n<\/ul>\n<p>Tava\u0161ampoonid ja enamus rastapatsidele m\u00f5eldud \u0161ampoone sisaldavad ebavajalikke lisaaineid, mis rikuvad rastapatse, kogunevad nendesse ja v\u00f5ivad k\u00f5ige halvimal juhul p\u00f5hjustada isegi hallitust. Dreadlab \u0161ampoon t\u00f5mbab juba esime pesu ajal rastapatsidest v\u00e4lja k\u00f5ik need teiste \u0161ampoonide j\u00e4\u00e4gid ning hoiab patside seest ka edaspidi \u00e4ra mustust, higi, tolmu, peanaha t\u00fckke jms. T\u00e4nu sellele kuivavad rastapatsid ka kiiremini, kaaluvad v\u00e4hem, on mugavamad, ilusamad ja puhtamad \u2013 nii nagu peab!<\/p>\n<p>Taneradreadsi \u00fcks t\u00e4htsamaid eesm\u00e4rke on pakkuda seda alternatiivset soengut ilusa, puhta ja modernse stiilivalikuna. Seep\u00e4rast on see suurep\u00e4rane \u0161ampoon ainuke, mida usaldame, soovitame ja pakume \u2013 et k\u00f5ik meie patsid oleksid puhtad ja ilusad!<\/p>\n<p>Infovideo DreadsUK kohta (sama sisu, n\u00fc\u00fcd on uus nimi DreadLab): https:\/\/youtu.be\/Kj7kWDDM8Bg<br \/>\nRohkem infot koostise kohta: <a href=\"https:\/\/www.dreadlab.co.uk\/products\/dreadlab-dreadlocks-shampoo-250ml-residue-free\">https:\/\/dreadsuk.com\/dreads-uk-shampoo.htm<\/a><\/p>\n","protected":false},"excerpt":{"rendered":"<p>Meie sama DreadsUK \u0161ampoon uues pudelis, uue nimega &#8211; DreadLab. Kahtlemata parim rastapatsidele loodud \u0161ampoon, mis saadaval on!<br \/>\nS\u00fcgavpuhastav, l\u00f5hnatu, seebita \u2013 ideaalne toode enda eest hoolitsevale patsikandjale.<\/p>\n","protected":false},"featured_media":2180,"comment_status":"open","ping_status":"closed","template":"","meta":{"site-sidebar-layout":"default","site-content-layout":"","ast-site-content-layout":"default","site-content-style":"default","site-sidebar-style":"default","ast-global-header-display":"","ast-banner-title-visibility":"","ast-main-header-display":"","ast-hfb-above-header-display":"","ast-hfb-below-header-display":"","ast-hfb-mobile-header-display":"","site-post-title":"","ast-breadcrumbs-content":"","ast-featured-img":"","footer-sml-layout":"","ast-disable-related-posts":"","theme-transparent-header-meta":"default","adv-header-id-meta":"","stick-header-meta":"","header-above-stick-meta":"","header-main-stick-meta":"","header-below-stick-meta":"","astra-migrate-meta-layouts":"set","ast-page-background-enabled":"default","ast-page-background-meta":{"desktop":{"background-color":"","background-image":"","background-repeat":"repeat","background-position":"center center","background-size":"auto","background-attachment":"scroll","background-type":"","background-media":"","overlay-type":"","overlay-color":"","overlay-opacity":"","overlay-gradient":""},"tablet":{"background-color":"","background-image":"","background-repeat":"repeat","background-position":"center center","background-size":"auto","background-attachment":"scroll","background-type":"","background-media":"","overlay-type":"","overlay-color":"","overlay-opacity":"","overlay-gradient":""},"mobile":{"background-color":"","background-image":"","background-repeat":"repeat","background-position":"center center","background-size":"auto","background-attachment":"scroll","background-type":"","background-media":"","overlay-type":"","overlay-color":"","overlay-opacity":"","overlay-gradient":""}},"ast-content-background-meta":{"desktop":{"background-color":"var(--ast-global-color-5)","background-image":"","background-repeat":"repeat","background-position":"center center","background-size":"auto","background-attachment":"scroll","background-type":"","background-media":"","overlay-type":"","overlay-color":"","overlay-opacity":"","overlay-gradient":""},"tablet":{"background-color":"var(--ast-global-color-5)","background-image":"","background-repeat":"repeat","background-position":"center center","background-size":"auto","background-attachment":"scroll","background-type":"","background-media":"","overlay-type":"","overlay-color":"","overlay-opacity":"","overlay-gradient":""},"mobile":{"background-color":"var(--ast-global-color-5)","background-image":"","background-repeat":"repeat","background-position":"center center","background-size":"auto","background-attachment":"scroll","background-type":"","background-media":"","overlay-type":"","overlay-color":"","overlay-opacity":"","overlay-gradient":""}}},"product_brand":[],"product_cat":[17],"product_tag":[28,18],"class_list":{"0":"post-2179","1":"product","2":"type-product","3":"status-publish","4":"has-post-thumbnail","6":"product_cat-sampoonid","7":"product_tag-rastapatsid","8":"product_tag-sampoon","9":"desktop-align-left","10":"tablet-align-left","11":"mobile-align-left","13":"first","14":"instock","15":"shipping-taxable","16":"purchasable","17":"product-type-simple"},"yoast_head":"<!-- This site is optimized with the Yoast SEO plugin v27.5 - https:\/\/yoast.com\/product\/yoast-seo-wordpress\/ -->\n<title>Rastapatside \u0161ampoon DreadLab - TANERADREADS POOD<\/title>\n<meta name=\"description\" content=\"Kahtlemata parim rastapatsidele loodud \u0161ampoon, mis saadaval on! S\u00fcgavpuhastav, l\u00f5hnatu, seebita \u2013 ideaalne toode enda eest hoolitsevale patsikandjale.\" \/>\n<meta name=\"robots\" content=\"index, follow, max-snippet:-1, max-image-preview:large, max-video-preview:-1\" \/>\n<link rel=\"canonical\" href=\"https:\/\/rastapatsid.ee\/pood\/toode\/rastapatside-sampoon-dreadlab\/\" \/>\n<meta property=\"og:locale\" content=\"et_EE\" \/>\n<meta property=\"og:type\" content=\"article\" \/>\n<meta property=\"og:title\" content=\"Rastapatside \u0161ampoon DreadLab - TANERADREADS POOD\" \/>\n<meta property=\"og:description\" content=\"Kahtlemata parim rastapatsidele loodud \u0161ampoon, mis saadaval on! S\u00fcgavpuhastav, l\u00f5hnatu, seebita \u2013 ideaalne toode enda eest hoolitsevale patsikandjale.\" \/>\n<meta property=\"og:url\" content=\"https:\/\/rastapatsid.ee\/pood\/toode\/rastapatside-sampoon-dreadlab\/\" \/>\n<meta property=\"og:site_name\" content=\"TANERADREADS POOD\" \/>\n<meta property=\"article:publisher\" content=\"https:\/\/www.facebook.com\/taneradreads\" \/>\n<meta property=\"article:modified_time\" content=\"2026-04-14T06:54:11+00:00\" \/>\n<meta property=\"og:image\" content=\"https:\/\/rastapatsid.ee\/pood\/wp-content\/uploads\/sites\/2\/2025\/04\/veeb2.jpg\" \/>\n\t<meta property=\"og:image:width\" content=\"2560\" \/>\n\t<meta property=\"og:image:height\" content=\"2560\" \/>\n\t<meta property=\"og:image:type\" content=\"image\/jpeg\" \/>\n<meta name=\"twitter:card\" content=\"summary_large_image\" \/>\n<meta name=\"twitter:label1\" content=\"Est. reading time\" \/>\n\t<meta name=\"twitter:data1\" content=\"2 minutit\" \/>\n<script type=\"application\/ld+json\" class=\"yoast-schema-graph\">{\"@context\":\"https:\\\/\\\/schema.org\",\"@graph\":[{\"@type\":\"WebPage\",\"@id\":\"https:\\\/\\\/rastapatsid.ee\\\/pood\\\/toode\\\/rastapatside-sampoon-dreadlab\\\/\",\"url\":\"https:\\\/\\\/rastapatsid.ee\\\/pood\\\/toode\\\/rastapatside-sampoon-dreadlab\\\/\",\"name\":\"Rastapatside \u0161ampoon DreadLab - TANERADREADS POOD\",\"isPartOf\":{\"@id\":\"https:\\\/\\\/rastapatsid.ee\\\/pood\\\/#website\"},\"primaryImageOfPage\":{\"@id\":\"https:\\\/\\\/rastapatsid.ee\\\/pood\\\/toode\\\/rastapatside-sampoon-dreadlab\\\/#primaryimage\"},\"image\":{\"@id\":\"https:\\\/\\\/rastapatsid.ee\\\/pood\\\/toode\\\/rastapatside-sampoon-dreadlab\\\/#primaryimage\"},\"thumbnailUrl\":\"https:\\\/\\\/rastapatsid.ee\\\/pood\\\/wp-content\\\/uploads\\\/sites\\\/2\\\/2025\\\/04\\\/veeb2.jpg\",\"datePublished\":\"2025-04-17T20:15:02+00:00\",\"dateModified\":\"2026-04-14T06:54:11+00:00\",\"description\":\"Kahtlemata parim rastapatsidele loodud \u0161ampoon, mis saadaval on! S\u00fcgavpuhastav, l\u00f5hnatu, seebita \u2013 ideaalne toode enda eest hoolitsevale patsikandjale.\",\"breadcrumb\":{\"@id\":\"https:\\\/\\\/rastapatsid.ee\\\/pood\\\/toode\\\/rastapatside-sampoon-dreadlab\\\/#breadcrumb\"},\"inLanguage\":\"et\",\"potentialAction\":[{\"@type\":\"ReadAction\",\"target\":[\"https:\\\/\\\/rastapatsid.ee\\\/pood\\\/toode\\\/rastapatside-sampoon-dreadlab\\\/\"]}]},{\"@type\":\"ImageObject\",\"inLanguage\":\"et\",\"@id\":\"https:\\\/\\\/rastapatsid.ee\\\/pood\\\/toode\\\/rastapatside-sampoon-dreadlab\\\/#primaryimage\",\"url\":\"https:\\\/\\\/rastapatsid.ee\\\/pood\\\/wp-content\\\/uploads\\\/sites\\\/2\\\/2025\\\/04\\\/veeb2.jpg\",\"contentUrl\":\"https:\\\/\\\/rastapatsid.ee\\\/pood\\\/wp-content\\\/uploads\\\/sites\\\/2\\\/2025\\\/04\\\/veeb2.jpg\",\"width\":2560,\"height\":2560},{\"@type\":\"BreadcrumbList\",\"@id\":\"https:\\\/\\\/rastapatsid.ee\\\/pood\\\/toode\\\/rastapatside-sampoon-dreadlab\\\/#breadcrumb\",\"itemListElement\":[{\"@type\":\"ListItem\",\"position\":1,\"name\":\"Home\",\"item\":\"https:\\\/\\\/www.rastapatsid.ee\\\/pood\\\/\"},{\"@type\":\"ListItem\",\"position\":2,\"name\":\"Tooted\",\"item\":\"https:\\\/\\\/rastapatsid.ee\\\/pood\\\/tooted\\\/\"},{\"@type\":\"ListItem\",\"position\":3,\"name\":\"Rastapatside \u0161ampoon DreadLab\"}]},{\"@type\":\"WebSite\",\"@id\":\"https:\\\/\\\/rastapatsid.ee\\\/pood\\\/#website\",\"url\":\"https:\\\/\\\/rastapatsid.ee\\\/pood\\\/\",\"name\":\"TANERADREADS POOD\",\"description\":\"Eriline, julge ja t\u00e4hendusrikas enesev\u00e4ljendus!\",\"publisher\":{\"@id\":\"https:\\\/\\\/rastapatsid.ee\\\/pood\\\/#organization\"},\"potentialAction\":[{\"@type\":\"SearchAction\",\"target\":{\"@type\":\"EntryPoint\",\"urlTemplate\":\"https:\\\/\\\/rastapatsid.ee\\\/pood\\\/?s={search_term_string}\"},\"query-input\":{\"@type\":\"PropertyValueSpecification\",\"valueRequired\":true,\"valueName\":\"search_term_string\"}}],\"inLanguage\":\"et\"},{\"@type\":\"Organization\",\"@id\":\"https:\\\/\\\/rastapatsid.ee\\\/pood\\\/#organization\",\"name\":\"Taneradreads Rastapatsid\",\"url\":\"https:\\\/\\\/rastapatsid.ee\\\/pood\\\/\",\"logo\":{\"@type\":\"ImageObject\",\"inLanguage\":\"et\",\"@id\":\"https:\\\/\\\/rastapatsid.ee\\\/pood\\\/#\\\/schema\\\/logo\\\/image\\\/\",\"url\":\"https:\\\/\\\/rastapatsid.ee\\\/pood\\\/wp-content\\\/uploads\\\/sites\\\/2\\\/2020\\\/10\\\/cropped-iconsmall.png\",\"contentUrl\":\"https:\\\/\\\/rastapatsid.ee\\\/pood\\\/wp-content\\\/uploads\\\/sites\\\/2\\\/2020\\\/10\\\/cropped-iconsmall.png\",\"width\":512,\"height\":512,\"caption\":\"Taneradreads Rastapatsid\"},\"image\":{\"@id\":\"https:\\\/\\\/rastapatsid.ee\\\/pood\\\/#\\\/schema\\\/logo\\\/image\\\/\"},\"sameAs\":[\"https:\\\/\\\/www.facebook.com\\\/taneradreads\",\"https:\\\/\\\/instagram.com\\\/taneradreads\",\"https:\\\/\\\/www.youtube.com\\\/c\\\/taneradreadsrastapatsid\"]}]}<\/script>\n<!-- \/ Yoast SEO plugin. -->","yoast_head_json":{"title":"Rastapatside \u0161ampoon DreadLab - TANERADREADS POOD","description":"Kahtlemata parim rastapatsidele loodud \u0161ampoon, mis saadaval on! S\u00fcgavpuhastav, l\u00f5hnatu, seebita \u2013 ideaalne toode enda eest hoolitsevale patsikandjale.","robots":{"index":"index","follow":"follow","max-snippet":"max-snippet:-1","max-image-preview":"max-image-preview:large","max-video-preview":"max-video-preview:-1"},"canonical":"https:\/\/rastapatsid.ee\/pood\/toode\/rastapatside-sampoon-dreadlab\/","og_locale":"et_EE","og_type":"article","og_title":"Rastapatside \u0161ampoon DreadLab - TANERADREADS POOD","og_description":"Kahtlemata parim rastapatsidele loodud \u0161ampoon, mis saadaval on! S\u00fcgavpuhastav, l\u00f5hnatu, seebita \u2013 ideaalne toode enda eest hoolitsevale patsikandjale.","og_url":"https:\/\/rastapatsid.ee\/pood\/toode\/rastapatside-sampoon-dreadlab\/","og_site_name":"TANERADREADS POOD","article_publisher":"https:\/\/www.facebook.com\/taneradreads","article_modified_time":"2026-04-14T06:54:11+00:00","og_image":[{"width":2560,"height":2560,"url":"https:\/\/rastapatsid.ee\/pood\/wp-content\/uploads\/sites\/2\/2025\/04\/veeb2.jpg","type":"image\/jpeg"}],"twitter_card":"summary_large_image","twitter_misc":{"Est. reading time":"2 minutit"},"schema":{"@context":"https:\/\/schema.org","@graph":[{"@type":"WebPage","@id":"https:\/\/rastapatsid.ee\/pood\/toode\/rastapatside-sampoon-dreadlab\/","url":"https:\/\/rastapatsid.ee\/pood\/toode\/rastapatside-sampoon-dreadlab\/","name":"Rastapatside \u0161ampoon DreadLab - TANERADREADS POOD","isPartOf":{"@id":"https:\/\/rastapatsid.ee\/pood\/#website"},"primaryImageOfPage":{"@id":"https:\/\/rastapatsid.ee\/pood\/toode\/rastapatside-sampoon-dreadlab\/#primaryimage"},"image":{"@id":"https:\/\/rastapatsid.ee\/pood\/toode\/rastapatside-sampoon-dreadlab\/#primaryimage"},"thumbnailUrl":"https:\/\/rastapatsid.ee\/pood\/wp-content\/uploads\/sites\/2\/2025\/04\/veeb2.jpg","datePublished":"2025-04-17T20:15:02+00:00","dateModified":"2026-04-14T06:54:11+00:00","description":"Kahtlemata parim rastapatsidele loodud \u0161ampoon, mis saadaval on! S\u00fcgavpuhastav, l\u00f5hnatu, seebita \u2013 ideaalne toode enda eest hoolitsevale patsikandjale.","breadcrumb":{"@id":"https:\/\/rastapatsid.ee\/pood\/toode\/rastapatside-sampoon-dreadlab\/#breadcrumb"},"inLanguage":"et","potentialAction":[{"@type":"ReadAction","target":["https:\/\/rastapatsid.ee\/pood\/toode\/rastapatside-sampoon-dreadlab\/"]}]},{"@type":"ImageObject","inLanguage":"et","@id":"https:\/\/rastapatsid.ee\/pood\/toode\/rastapatside-sampoon-dreadlab\/#primaryimage","url":"https:\/\/rastapatsid.ee\/pood\/wp-content\/uploads\/sites\/2\/2025\/04\/veeb2.jpg","contentUrl":"https:\/\/rastapatsid.ee\/pood\/wp-content\/uploads\/sites\/2\/2025\/04\/veeb2.jpg","width":2560,"height":2560},{"@type":"BreadcrumbList","@id":"https:\/\/rastapatsid.ee\/pood\/toode\/rastapatside-sampoon-dreadlab\/#breadcrumb","itemListElement":[{"@type":"ListItem","position":1,"name":"Home","item":"https:\/\/www.rastapatsid.ee\/pood\/"},{"@type":"ListItem","position":2,"name":"Tooted","item":"https:\/\/rastapatsid.ee\/pood\/tooted\/"},{"@type":"ListItem","position":3,"name":"Rastapatside \u0161ampoon DreadLab"}]},{"@type":"WebSite","@id":"https:\/\/rastapatsid.ee\/pood\/#website","url":"https:\/\/rastapatsid.ee\/pood\/","name":"TANERADREADS POOD","description":"Eriline, julge ja t\u00e4hendusrikas enesev\u00e4ljendus!","publisher":{"@id":"https:\/\/rastapatsid.ee\/pood\/#organization"},"potentialAction":[{"@type":"SearchAction","target":{"@type":"EntryPoint","urlTemplate":"https:\/\/rastapatsid.ee\/pood\/?s={search_term_string}"},"query-input":{"@type":"PropertyValueSpecification","valueRequired":true,"valueName":"search_term_string"}}],"inLanguage":"et"},{"@type":"Organization","@id":"https:\/\/rastapatsid.ee\/pood\/#organization","name":"Taneradreads Rastapatsid","url":"https:\/\/rastapatsid.ee\/pood\/","logo":{"@type":"ImageObject","inLanguage":"et","@id":"https:\/\/rastapatsid.ee\/pood\/#\/schema\/logo\/image\/","url":"https:\/\/rastapatsid.ee\/pood\/wp-content\/uploads\/sites\/2\/2020\/10\/cropped-iconsmall.png","contentUrl":"https:\/\/rastapatsid.ee\/pood\/wp-content\/uploads\/sites\/2\/2020\/10\/cropped-iconsmall.png","width":512,"height":512,"caption":"Taneradreads Rastapatsid"},"image":{"@id":"https:\/\/rastapatsid.ee\/pood\/#\/schema\/logo\/image\/"},"sameAs":["https:\/\/www.facebook.com\/taneradreads","https:\/\/instagram.com\/taneradreads","https:\/\/www.youtube.com\/c\/taneradreadsrastapatsid"]}]}},"jetpack_sharing_enabled":true,"_links":{"self":[{"href":"https:\/\/www.rastapatsid.ee\/pood\/wp-json\/wp\/v2\/product\/2179","targetHints":{"allow":["GET"]}}],"collection":[{"href":"https:\/\/www.rastapatsid.ee\/pood\/wp-json\/wp\/v2\/product"}],"about":[{"href":"https:\/\/www.rastapatsid.ee\/pood\/wp-json\/wp\/v2\/types\/product"}],"replies":[{"embeddable":true,"href":"https:\/\/www.rastapatsid.ee\/pood\/wp-json\/wp\/v2\/comments?post=2179"}],"wp:featuredmedia":[{"embeddable":true,"href":"https:\/\/www.rastapatsid.ee\/pood\/wp-json\/wp\/v2\/media\/2180"}],"wp:attachment":[{"href":"https:\/\/www.rastapatsid.ee\/pood\/wp-json\/wp\/v2\/media?parent=2179"}],"wp:term":[{"taxonomy":"product_brand","embeddable":true,"href":"https:\/\/www.rastapatsid.ee\/pood\/wp-json\/wp\/v2\/product_brand?post=2179"},{"taxonomy":"product_cat","embeddable":true,"href":"https:\/\/www.rastapatsid.ee\/pood\/wp-json\/wp\/v2\/product_cat?post=2179"},{"taxonomy":"product_tag","embeddable":true,"href":"https:\/\/www.rastapatsid.ee\/pood\/wp-json\/wp\/v2\/product_tag?post=2179"}],"curies":[{"name":"wp","href":"https:\/\/api.w.org\/{rel}","templated":true}]}}