{"id":2170,"date":"2025-03-26T20:47:18","date_gmt":"2025-03-26T20:47:18","guid":{"rendered":"https:\/\/rastapatsid.ee\/pood\/?post_type=product&#038;p=2170"},"modified":"2026-01-16T10:55:55","modified_gmt":"2026-01-16T10:55:55","slug":"kuivatusratik","status":"publish","type":"product","link":"https:\/\/www.rastapatsid.ee\/pood\/toode\/kuivatusratik\/","title":{"rendered":"Kuivatusr\u00e4tik rastapatsidele"},"content":{"rendered":"<p>Juustele m\u00f5eldud mikrofiibrist kuivatusr\u00e4tik, mis aitab rastapatse kiiremini kuivatada. Pesust tulles pigista patsidest esmase vee v\u00e4lja ja seo kuivatusr\u00e4tik \u00fcmber pea. See imab niiskuse endasse ja peale seda kuivata rastapatse lahtistena. R\u00e4tikul on kummist pael, mis hoiab seda mugavalt \u00fcmber pea.<\/p>\n","protected":false},"excerpt":{"rendered":"<p>Juustele m\u00f5eldud mikrofiibrist kuivatusr\u00e4tik, mis aitab rastapatse kiiremini kuivatada.<\/p>\n","protected":false},"featured_media":2171,"comment_status":"open","ping_status":"closed","template":"","meta":{"site-sidebar-layout":"default","site-content-layout":"","ast-site-content-layout":"default","site-content-style":"default","site-sidebar-style":"default","ast-global-header-display":"","ast-banner-title-visibility":"","ast-main-header-display":"","ast-hfb-above-header-display":"","ast-hfb-below-header-display":"","ast-hfb-mobile-header-display":"","site-post-title":"","ast-breadcrumbs-content":"","ast-featured-img":"","footer-sml-layout":"","ast-disable-related-posts":"","theme-transparent-header-meta":"default","adv-header-id-meta":"","stick-header-meta":"","header-above-stick-meta":"","header-main-stick-meta":"","header-below-stick-meta":"","astra-migrate-meta-layouts":"set","ast-page-background-enabled":"default","ast-page-background-meta":{"desktop":{"background-color":"","background-image":"","background-repeat":"repeat","background-position":"center center","background-size":"auto","background-attachment":"scroll","background-type":"","background-media":"","overlay-type":"","overlay-color":"","overlay-opacity":"","overlay-gradient":""},"tablet":{"background-color":"","background-image":"","background-repeat":"repeat","background-position":"center center","background-size":"auto","background-attachment":"scroll","background-type":"","background-media":"","overlay-type":"","overlay-color":"","overlay-opacity":"","overlay-gradient":""},"mobile":{"background-color":"","background-image":"","background-repeat":"repeat","background-position":"center center","background-size":"auto","background-attachment":"scroll","background-type":"","background-media":"","overlay-type":"","overlay-color":"","overlay-opacity":"","overlay-gradient":""}},"ast-content-background-meta":{"desktop":{"background-color":"var(--ast-global-color-5)","background-image":"","background-repeat":"repeat","background-position":"center center","background-size":"auto","background-attachment":"scroll","background-type":"","background-media":"","overlay-type":"","overlay-color":"","overlay-opacity":"","overlay-gradient":""},"tablet":{"background-color":"var(--ast-global-color-5)","background-image":"","background-repeat":"repeat","background-position":"center center","background-size":"auto","background-attachment":"scroll","background-type":"","background-media":"","overlay-type":"","overlay-color":"","overlay-opacity":"","overlay-gradient":""},"mobile":{"background-color":"var(--ast-global-color-5)","background-image":"","background-repeat":"repeat","background-position":"center center","background-size":"auto","background-attachment":"scroll","background-type":"","background-media":"","overlay-type":"","overlay-color":"","overlay-opacity":"","overlay-gradient":""}}},"product_brand":[],"product_cat":[17],"product_tag":[28,53,18],"class_list":{"0":"post-2170","1":"product","2":"type-product","3":"status-publish","4":"has-post-thumbnail","6":"product_cat-sampoonid","7":"product_tag-rastapatsid","8":"product_tag-ratik","9":"product_tag-sampoon","10":"desktop-align-left","11":"tablet-align-left","12":"mobile-align-left","14":"first","15":"instock","16":"shipping-taxable","17":"purchasable","18":"product-type-simple"},"yoast_head":"<!-- This site is optimized with the Yoast SEO plugin v27.5 - https:\/\/yoast.com\/product\/yoast-seo-wordpress\/ -->\n<title>Kuivatusr\u00e4tik rastapatsidele - TANERADREADS POOD<\/title>\n<meta name=\"description\" content=\"Juustele m\u00f5eldud mikrofiibrist kuivatusr\u00e4tik, mis aitab rastapatse kiiremini kuivatada.\" \/>\n<meta name=\"robots\" content=\"index, follow, max-snippet:-1, max-image-preview:large, max-video-preview:-1\" \/>\n<link rel=\"canonical\" href=\"https:\/\/rastapatsid.ee\/pood\/toode\/kuivatusratik\/\" \/>\n<meta property=\"og:locale\" content=\"et_EE\" \/>\n<meta property=\"og:type\" content=\"article\" \/>\n<meta property=\"og:title\" content=\"Kuivatusr\u00e4tik rastapatsidele - TANERADREADS POOD\" \/>\n<meta property=\"og:description\" content=\"Juustele m\u00f5eldud mikrofiibrist kuivatusr\u00e4tik, mis aitab rastapatse kiiremini kuivatada.\" \/>\n<meta property=\"og:url\" content=\"https:\/\/rastapatsid.ee\/pood\/toode\/kuivatusratik\/\" \/>\n<meta property=\"og:site_name\" content=\"TANERADREADS POOD\" \/>\n<meta property=\"article:publisher\" content=\"https:\/\/www.facebook.com\/taneradreads\" \/>\n<meta property=\"article:modified_time\" content=\"2026-01-16T10:55:55+00:00\" \/>\n<meta property=\"og:image\" content=\"https:\/\/rastapatsid.ee\/pood\/wp-content\/uploads\/sites\/2\/2025\/03\/tttt.jpg\" \/>\n\t<meta property=\"og:image:width\" content=\"3436\" \/>\n\t<meta property=\"og:image:height\" content=\"3436\" \/>\n\t<meta property=\"og:image:type\" content=\"image\/jpeg\" \/>\n<meta name=\"twitter:card\" content=\"summary_large_image\" \/>\n<meta name=\"twitter:label1\" content=\"Est. reading time\" \/>\n\t<meta name=\"twitter:data1\" content=\"1 minut\" \/>\n<script type=\"application\/ld+json\" class=\"yoast-schema-graph\">{\"@context\":\"https:\\\/\\\/schema.org\",\"@graph\":[{\"@type\":\"WebPage\",\"@id\":\"https:\\\/\\\/rastapatsid.ee\\\/pood\\\/toode\\\/kuivatusratik\\\/\",\"url\":\"https:\\\/\\\/rastapatsid.ee\\\/pood\\\/toode\\\/kuivatusratik\\\/\",\"name\":\"Kuivatusr\u00e4tik rastapatsidele - TANERADREADS POOD\",\"isPartOf\":{\"@id\":\"https:\\\/\\\/rastapatsid.ee\\\/pood\\\/#website\"},\"primaryImageOfPage\":{\"@id\":\"https:\\\/\\\/rastapatsid.ee\\\/pood\\\/toode\\\/kuivatusratik\\\/#primaryimage\"},\"image\":{\"@id\":\"https:\\\/\\\/rastapatsid.ee\\\/pood\\\/toode\\\/kuivatusratik\\\/#primaryimage\"},\"thumbnailUrl\":\"https:\\\/\\\/www.rastapatsid.ee\\\/pood\\\/wp-content\\\/uploads\\\/sites\\\/2\\\/2025\\\/03\\\/tttt.jpg\",\"datePublished\":\"2025-03-26T20:47:18+00:00\",\"dateModified\":\"2026-01-16T10:55:55+00:00\",\"description\":\"Juustele m\u00f5eldud mikrofiibrist kuivatusr\u00e4tik, mis aitab rastapatse kiiremini kuivatada.\",\"breadcrumb\":{\"@id\":\"https:\\\/\\\/rastapatsid.ee\\\/pood\\\/toode\\\/kuivatusratik\\\/#breadcrumb\"},\"inLanguage\":\"et\",\"potentialAction\":[{\"@type\":\"ReadAction\",\"target\":[\"https:\\\/\\\/rastapatsid.ee\\\/pood\\\/toode\\\/kuivatusratik\\\/\"]}]},{\"@type\":\"ImageObject\",\"inLanguage\":\"et\",\"@id\":\"https:\\\/\\\/rastapatsid.ee\\\/pood\\\/toode\\\/kuivatusratik\\\/#primaryimage\",\"url\":\"https:\\\/\\\/www.rastapatsid.ee\\\/pood\\\/wp-content\\\/uploads\\\/sites\\\/2\\\/2025\\\/03\\\/tttt.jpg\",\"contentUrl\":\"https:\\\/\\\/www.rastapatsid.ee\\\/pood\\\/wp-content\\\/uploads\\\/sites\\\/2\\\/2025\\\/03\\\/tttt.jpg\",\"width\":3436,\"height\":3436},{\"@type\":\"BreadcrumbList\",\"@id\":\"https:\\\/\\\/rastapatsid.ee\\\/pood\\\/toode\\\/kuivatusratik\\\/#breadcrumb\",\"itemListElement\":[{\"@type\":\"ListItem\",\"position\":1,\"name\":\"Home\",\"item\":\"https:\\\/\\\/www.rastapatsid.ee\\\/pood\\\/\"},{\"@type\":\"ListItem\",\"position\":2,\"name\":\"Tooted\",\"item\":\"https:\\\/\\\/rastapatsid.ee\\\/pood\\\/tooted\\\/\"},{\"@type\":\"ListItem\",\"position\":3,\"name\":\"Kuivatusr\u00e4tik rastapatsidele\"}]},{\"@type\":\"WebSite\",\"@id\":\"https:\\\/\\\/rastapatsid.ee\\\/pood\\\/#website\",\"url\":\"https:\\\/\\\/rastapatsid.ee\\\/pood\\\/\",\"name\":\"TANERADREADS POOD\",\"description\":\"Eriline, julge ja t\u00e4hendusrikas enesev\u00e4ljendus!\",\"publisher\":{\"@id\":\"https:\\\/\\\/rastapatsid.ee\\\/pood\\\/#organization\"},\"potentialAction\":[{\"@type\":\"SearchAction\",\"target\":{\"@type\":\"EntryPoint\",\"urlTemplate\":\"https:\\\/\\\/rastapatsid.ee\\\/pood\\\/?s={search_term_string}\"},\"query-input\":{\"@type\":\"PropertyValueSpecification\",\"valueRequired\":true,\"valueName\":\"search_term_string\"}}],\"inLanguage\":\"et\"},{\"@type\":\"Organization\",\"@id\":\"https:\\\/\\\/rastapatsid.ee\\\/pood\\\/#organization\",\"name\":\"Taneradreads Rastapatsid\",\"url\":\"https:\\\/\\\/rastapatsid.ee\\\/pood\\\/\",\"logo\":{\"@type\":\"ImageObject\",\"inLanguage\":\"et\",\"@id\":\"https:\\\/\\\/rastapatsid.ee\\\/pood\\\/#\\\/schema\\\/logo\\\/image\\\/\",\"url\":\"https:\\\/\\\/rastapatsid.ee\\\/pood\\\/wp-content\\\/uploads\\\/sites\\\/2\\\/2020\\\/10\\\/cropped-iconsmall.png\",\"contentUrl\":\"https:\\\/\\\/rastapatsid.ee\\\/pood\\\/wp-content\\\/uploads\\\/sites\\\/2\\\/2020\\\/10\\\/cropped-iconsmall.png\",\"width\":512,\"height\":512,\"caption\":\"Taneradreads Rastapatsid\"},\"image\":{\"@id\":\"https:\\\/\\\/rastapatsid.ee\\\/pood\\\/#\\\/schema\\\/logo\\\/image\\\/\"},\"sameAs\":[\"https:\\\/\\\/www.facebook.com\\\/taneradreads\",\"https:\\\/\\\/instagram.com\\\/taneradreads\",\"https:\\\/\\\/www.youtube.com\\\/c\\\/taneradreadsrastapatsid\"]}]}<\/script>\n<!-- \/ Yoast SEO plugin. -->","yoast_head_json":{"title":"Kuivatusr\u00e4tik rastapatsidele - TANERADREADS POOD","description":"Juustele m\u00f5eldud mikrofiibrist kuivatusr\u00e4tik, mis aitab rastapatse kiiremini kuivatada.","robots":{"index":"index","follow":"follow","max-snippet":"max-snippet:-1","max-image-preview":"max-image-preview:large","max-video-preview":"max-video-preview:-1"},"canonical":"https:\/\/rastapatsid.ee\/pood\/toode\/kuivatusratik\/","og_locale":"et_EE","og_type":"article","og_title":"Kuivatusr\u00e4tik rastapatsidele - TANERADREADS POOD","og_description":"Juustele m\u00f5eldud mikrofiibrist kuivatusr\u00e4tik, mis aitab rastapatse kiiremini kuivatada.","og_url":"https:\/\/rastapatsid.ee\/pood\/toode\/kuivatusratik\/","og_site_name":"TANERADREADS POOD","article_publisher":"https:\/\/www.facebook.com\/taneradreads","article_modified_time":"2026-01-16T10:55:55+00:00","og_image":[{"width":3436,"height":3436,"url":"https:\/\/rastapatsid.ee\/pood\/wp-content\/uploads\/sites\/2\/2025\/03\/tttt.jpg","type":"image\/jpeg"}],"twitter_card":"summary_large_image","twitter_misc":{"Est. reading time":"1 minut"},"schema":{"@context":"https:\/\/schema.org","@graph":[{"@type":"WebPage","@id":"https:\/\/rastapatsid.ee\/pood\/toode\/kuivatusratik\/","url":"https:\/\/rastapatsid.ee\/pood\/toode\/kuivatusratik\/","name":"Kuivatusr\u00e4tik rastapatsidele - TANERADREADS POOD","isPartOf":{"@id":"https:\/\/rastapatsid.ee\/pood\/#website"},"primaryImageOfPage":{"@id":"https:\/\/rastapatsid.ee\/pood\/toode\/kuivatusratik\/#primaryimage"},"image":{"@id":"https:\/\/rastapatsid.ee\/pood\/toode\/kuivatusratik\/#primaryimage"},"thumbnailUrl":"https:\/\/www.rastapatsid.ee\/pood\/wp-content\/uploads\/sites\/2\/2025\/03\/tttt.jpg","datePublished":"2025-03-26T20:47:18+00:00","dateModified":"2026-01-16T10:55:55+00:00","description":"Juustele m\u00f5eldud mikrofiibrist kuivatusr\u00e4tik, mis aitab rastapatse kiiremini kuivatada.","breadcrumb":{"@id":"https:\/\/rastapatsid.ee\/pood\/toode\/kuivatusratik\/#breadcrumb"},"inLanguage":"et","potentialAction":[{"@type":"ReadAction","target":["https:\/\/rastapatsid.ee\/pood\/toode\/kuivatusratik\/"]}]},{"@type":"ImageObject","inLanguage":"et","@id":"https:\/\/rastapatsid.ee\/pood\/toode\/kuivatusratik\/#primaryimage","url":"https:\/\/www.rastapatsid.ee\/pood\/wp-content\/uploads\/sites\/2\/2025\/03\/tttt.jpg","contentUrl":"https:\/\/www.rastapatsid.ee\/pood\/wp-content\/uploads\/sites\/2\/2025\/03\/tttt.jpg","width":3436,"height":3436},{"@type":"BreadcrumbList","@id":"https:\/\/rastapatsid.ee\/pood\/toode\/kuivatusratik\/#breadcrumb","itemListElement":[{"@type":"ListItem","position":1,"name":"Home","item":"https:\/\/www.rastapatsid.ee\/pood\/"},{"@type":"ListItem","position":2,"name":"Tooted","item":"https:\/\/rastapatsid.ee\/pood\/tooted\/"},{"@type":"ListItem","position":3,"name":"Kuivatusr\u00e4tik rastapatsidele"}]},{"@type":"WebSite","@id":"https:\/\/rastapatsid.ee\/pood\/#website","url":"https:\/\/rastapatsid.ee\/pood\/","name":"TANERADREADS POOD","description":"Eriline, julge ja t\u00e4hendusrikas enesev\u00e4ljendus!","publisher":{"@id":"https:\/\/rastapatsid.ee\/pood\/#organization"},"potentialAction":[{"@type":"SearchAction","target":{"@type":"EntryPoint","urlTemplate":"https:\/\/rastapatsid.ee\/pood\/?s={search_term_string}"},"query-input":{"@type":"PropertyValueSpecification","valueRequired":true,"valueName":"search_term_string"}}],"inLanguage":"et"},{"@type":"Organization","@id":"https:\/\/rastapatsid.ee\/pood\/#organization","name":"Taneradreads Rastapatsid","url":"https:\/\/rastapatsid.ee\/pood\/","logo":{"@type":"ImageObject","inLanguage":"et","@id":"https:\/\/rastapatsid.ee\/pood\/#\/schema\/logo\/image\/","url":"https:\/\/rastapatsid.ee\/pood\/wp-content\/uploads\/sites\/2\/2020\/10\/cropped-iconsmall.png","contentUrl":"https:\/\/rastapatsid.ee\/pood\/wp-content\/uploads\/sites\/2\/2020\/10\/cropped-iconsmall.png","width":512,"height":512,"caption":"Taneradreads Rastapatsid"},"image":{"@id":"https:\/\/rastapatsid.ee\/pood\/#\/schema\/logo\/image\/"},"sameAs":["https:\/\/www.facebook.com\/taneradreads","https:\/\/instagram.com\/taneradreads","https:\/\/www.youtube.com\/c\/taneradreadsrastapatsid"]}]}},"jetpack_sharing_enabled":true,"_links":{"self":[{"href":"https:\/\/www.rastapatsid.ee\/pood\/wp-json\/wp\/v2\/product\/2170","targetHints":{"allow":["GET"]}}],"collection":[{"href":"https:\/\/www.rastapatsid.ee\/pood\/wp-json\/wp\/v2\/product"}],"about":[{"href":"https:\/\/www.rastapatsid.ee\/pood\/wp-json\/wp\/v2\/types\/product"}],"replies":[{"embeddable":true,"href":"https:\/\/www.rastapatsid.ee\/pood\/wp-json\/wp\/v2\/comments?post=2170"}],"wp:featuredmedia":[{"embeddable":true,"href":"https:\/\/www.rastapatsid.ee\/pood\/wp-json\/wp\/v2\/media\/2171"}],"wp:attachment":[{"href":"https:\/\/www.rastapatsid.ee\/pood\/wp-json\/wp\/v2\/media?parent=2170"}],"wp:term":[{"taxonomy":"product_brand","embeddable":true,"href":"https:\/\/www.rastapatsid.ee\/pood\/wp-json\/wp\/v2\/product_brand?post=2170"},{"taxonomy":"product_cat","embeddable":true,"href":"https:\/\/www.rastapatsid.ee\/pood\/wp-json\/wp\/v2\/product_cat?post=2170"},{"taxonomy":"product_tag","embeddable":true,"href":"https:\/\/www.rastapatsid.ee\/pood\/wp-json\/wp\/v2\/product_tag?post=2170"}],"curies":[{"name":"wp","href":"https:\/\/api.w.org\/{rel}","templated":true}]}}