{"id":2164,"date":"2025-02-21T14:43:39","date_gmt":"2025-02-21T14:43:39","guid":{"rendered":"https:\/\/rastapatsid.ee\/pood\/?post_type=product&#038;p=2164"},"modified":"2026-02-11T20:16:14","modified_gmt":"2026-02-11T20:16:14","slug":"drbronners","status":"publish","type":"product","link":"https:\/\/www.rastapatsid.ee\/pood\/toode\/drbronners\/","title":{"rendered":"Dr. Bronner&#8217;s piparm\u00fcndi vedelseep (475ml)"},"content":{"rendered":"<p>Asendamaks meie lemmikut <a href=\"https:\/\/www.rastapatsid.ee\/pood\/toode\/rastapatside-sampoon-dreadsuk\/\">DreadsUK rastapatside \u0161ampooni<\/a>, mida kahjuks enam ei toodeta, on n\u00fc\u00fcdsest stuudios ja siin veebipoes saadaval Dr. Bronner&#8217;s piparm\u00fcndi vedelseep.<\/p>\n<p>Dr. Bronner&#8217;sit kasutasin <strong>ka mina isiklikult oma rastapatside pesemiseks 5 aastat<\/strong> (enne kui avastasin DreadsUK) ning seda kasutan ma ka siiani oma universaalse pesutootena (juuksed, n\u00e4gu, keha, k\u00e4ed&#8230;) kuna see on looduslik, t\u00f5hus ja nahas\u00f5bralik (!). Ka oma naha dermatiidist ravimisel oli Dr. Bronner&#8217;s mulle v\u00e4ga kasulik.<\/p>\n<p>V\u00f5rreldes DreadsUK \u0161ampooniga on Dr. Bronner&#8217;si peamine erinevus see, et tegemist on <strong>t\u00e4iesti loodusliku tootega<\/strong> (tehtud saponifitseeritud \u00f5lidest). T\u00e4nu sellele on see juustele niisutava toimega, hoiab \u00e4ra peanaha \u00e4rritust ja on t\u00e4iesti biolagunev (saab kasutada ka looduses). K\u00fcll aga soovitan ma Dr. Bronner&#8217;siga pestes teha oma rastapatsidele sel juhul 1-2 korda aastas <strong>s\u00fcgavpuhastust<\/strong> sooda ja \u00f5una\u00e4\u00e4dikaga, kuna see ei ole niiv\u00f5rd s\u00fcgavpuhastava toimega kui DreadsUK oli. \u00d5petust saab lugeda-vaadata <a href=\"https:\/\/rastapatsid.ee\/blog\/rastapatside-sugavpuhastus\/\">SIIT<\/a><\/p>\n<p><strong>Kirjeldus<\/strong>: Multifunktsionaalne 18-\u00fches seep, piparm\u00fcnt. 100% biolagunev. Ei sisalda s\u00fcnteetilisi l\u00f5hna-, v\u00e4rv- ja s\u00e4ilitusaineid, mineraal\u00f5lisid, parabeene, silikoone ega PEG-\u00fchendeid. 70% koostisosadest on p\u00e4rit \u00f5iglasest kaubandusest. Dr. Bronner\u00b4s tooted kannavad USDA Organic, BDIH ja NaTRUE orgaanilise kosmeetika sertifikaate. Vegan-sertifitseeritud. 100% \u00fcmbert\u00f6\u00f6deldud pakendid.<\/p>\n<p><strong>Koostis<\/strong>: Aqua (vesi), Potassium Cocoate (seebistatud orgaaniline kookos\u00f5li*+), Potassium Olivate (seebistatud orgaaniline oliiv\u00f5li*+), Glycerin (gl\u00fctseriin taimse \u00f5li seebistamisest), Potassium Hempate (seebistatud orgaaniline kanepiseemne\u00f5li*+), Potassium Jojobate (seebistatud orgaaniline jojoba\u00f5li*), Mentha Arvensis Oil (metsiku m\u00fcndi \u00f5li), Peppermint Oil (orgaaniline piparm\u00fcndi\u00f5li*+), Citric Acid (tsitrushape tapiokast), Natural Tocopherol (naturaalne tokoferool\u2013 vitamiin E), d-Limonene\u00b0, Linalool\u00b0, Citral\u00b0<br \/>\n+ sertifitseeritud \u00f5iglase kaubanduse koostisosa<br \/>\n* orgaaniliselt kasvatatud \u00b0 naturaalne eeterlik \u00f5li<\/p>\n<p>Dr. Bronner&#8217;s Eesti ametlik veebileht on ka kirjutanud selle vedelseebi sobivusest rastapatside pesuks, artiklit saab lugeda <a href=\"https:\/\/www.drbronner.ee\/rastapatsid-sinu-stiil\/\">SIIT<\/a><\/p>\n<p>\u0160ampoonid on stuudios kohapeal olemas. Saatmine l\u00e4bi veebipoe ostu on SmartPOST pakiautomaadiga.<br \/>\nKui on k\u00fcsimusi, siis kirjuta mulle DM kas Instagramis <a href=\"https:\/\/www.instagram.com\/taneradreads\">@taneradreads<\/a> v\u00f5i Facebookis <a href=\"https:\/\/www.facebook.com\/taneradreads\">Taneradreads Rastapatsid<\/a><\/p>\n","protected":false},"excerpt":{"rendered":"<p>Rastapatside pesemiseks sobilik vedelseep\/\u0161ampoon, 100% looduslik<\/p>\n","protected":false},"featured_media":2166,"comment_status":"open","ping_status":"closed","template":"","meta":{"site-sidebar-layout":"default","site-content-layout":"","ast-site-content-layout":"default","site-content-style":"default","site-sidebar-style":"default","ast-global-header-display":"","ast-banner-title-visibility":"","ast-main-header-display":"","ast-hfb-above-header-display":"","ast-hfb-below-header-display":"","ast-hfb-mobile-header-display":"","site-post-title":"","ast-breadcrumbs-content":"","ast-featured-img":"","footer-sml-layout":"","ast-disable-related-posts":"","theme-transparent-header-meta":"default","adv-header-id-meta":"","stick-header-meta":"","header-above-stick-meta":"","header-main-stick-meta":"","header-below-stick-meta":"","astra-migrate-meta-layouts":"set","ast-page-background-enabled":"default","ast-page-background-meta":{"desktop":{"background-color":"","background-image":"","background-repeat":"repeat","background-position":"center center","background-size":"auto","background-attachment":"scroll","background-type":"","background-media":"","overlay-type":"","overlay-color":"","overlay-opacity":"","overlay-gradient":""},"tablet":{"background-color":"","background-image":"","background-repeat":"repeat","background-position":"center center","background-size":"auto","background-attachment":"scroll","background-type":"","background-media":"","overlay-type":"","overlay-color":"","overlay-opacity":"","overlay-gradient":""},"mobile":{"background-color":"","background-image":"","background-repeat":"repeat","background-position":"center center","background-size":"auto","background-attachment":"scroll","background-type":"","background-media":"","overlay-type":"","overlay-color":"","overlay-opacity":"","overlay-gradient":""}},"ast-content-background-meta":{"desktop":{"background-color":"var(--ast-global-color-5)","background-image":"","background-repeat":"repeat","background-position":"center center","background-size":"auto","background-attachment":"scroll","background-type":"","background-media":"","overlay-type":"","overlay-color":"","overlay-opacity":"","overlay-gradient":""},"tablet":{"background-color":"var(--ast-global-color-5)","background-image":"","background-repeat":"repeat","background-position":"center center","background-size":"auto","background-attachment":"scroll","background-type":"","background-media":"","overlay-type":"","overlay-color":"","overlay-opacity":"","overlay-gradient":""},"mobile":{"background-color":"var(--ast-global-color-5)","background-image":"","background-repeat":"repeat","background-position":"center center","background-size":"auto","background-attachment":"scroll","background-type":"","background-media":"","overlay-type":"","overlay-color":"","overlay-opacity":"","overlay-gradient":""}}},"product_brand":[],"product_cat":[17],"product_tag":[28,18],"class_list":{"0":"post-2164","1":"product","2":"type-product","3":"status-publish","4":"has-post-thumbnail","6":"product_cat-sampoonid","7":"product_tag-rastapatsid","8":"product_tag-sampoon","9":"desktop-align-left","10":"tablet-align-left","11":"mobile-align-left","13":"first","14":"instock","15":"shipping-taxable","16":"purchasable","17":"product-type-simple"},"yoast_head":"<!-- This site is optimized with the Yoast SEO plugin v27.5 - https:\/\/yoast.com\/product\/yoast-seo-wordpress\/ -->\n<title>Dr. Bronner&#039;s piparm\u00fcndi vedelseep (475ml) - TANERADREADS POOD<\/title>\n<meta name=\"description\" content=\"Rastapatside pesemiseks sobilik vedelseep\/\u0161ampoon, 100% looduslik\" \/>\n<meta name=\"robots\" content=\"index, follow, max-snippet:-1, max-image-preview:large, max-video-preview:-1\" \/>\n<link rel=\"canonical\" href=\"https:\/\/www.rastapatsid.ee\/pood\/toode\/drbronners\/\" \/>\n<meta property=\"og:locale\" content=\"et_EE\" \/>\n<meta property=\"og:type\" content=\"article\" \/>\n<meta property=\"og:title\" content=\"Dr. Bronner&#039;s piparm\u00fcndi vedelseep (475ml) - TANERADREADS POOD\" \/>\n<meta property=\"og:description\" content=\"Rastapatside pesemiseks sobilik vedelseep\/\u0161ampoon, 100% looduslik\" \/>\n<meta property=\"og:url\" content=\"https:\/\/www.rastapatsid.ee\/pood\/toode\/drbronners\/\" \/>\n<meta property=\"og:site_name\" content=\"TANERADREADS POOD\" \/>\n<meta property=\"article:publisher\" content=\"https:\/\/www.facebook.com\/taneradreads\" \/>\n<meta property=\"article:modified_time\" content=\"2026-02-11T20:16:14+00:00\" \/>\n<meta property=\"og:image\" content=\"https:\/\/rastapatsid.ee\/pood\/wp-content\/uploads\/sites\/2\/2025\/02\/veebi1.jpg\" \/>\n\t<meta property=\"og:image:width\" content=\"2560\" \/>\n\t<meta property=\"og:image:height\" content=\"2560\" \/>\n\t<meta property=\"og:image:type\" content=\"image\/jpeg\" \/>\n<meta name=\"twitter:card\" content=\"summary_large_image\" \/>\n<meta name=\"twitter:label1\" content=\"Est. reading time\" \/>\n\t<meta name=\"twitter:data1\" content=\"2 minutit\" \/>\n<script type=\"application\/ld+json\" class=\"yoast-schema-graph\">{\"@context\":\"https:\\\/\\\/schema.org\",\"@graph\":[{\"@type\":\"WebPage\",\"@id\":\"https:\\\/\\\/www.rastapatsid.ee\\\/pood\\\/toode\\\/drbronners\\\/\",\"url\":\"https:\\\/\\\/www.rastapatsid.ee\\\/pood\\\/toode\\\/drbronners\\\/\",\"name\":\"Dr. Bronner's piparm\u00fcndi vedelseep (475ml) - TANERADREADS POOD\",\"isPartOf\":{\"@id\":\"https:\\\/\\\/rastapatsid.ee\\\/pood\\\/#website\"},\"primaryImageOfPage\":{\"@id\":\"https:\\\/\\\/www.rastapatsid.ee\\\/pood\\\/toode\\\/drbronners\\\/#primaryimage\"},\"image\":{\"@id\":\"https:\\\/\\\/www.rastapatsid.ee\\\/pood\\\/toode\\\/drbronners\\\/#primaryimage\"},\"thumbnailUrl\":\"https:\\\/\\\/www.rastapatsid.ee\\\/pood\\\/wp-content\\\/uploads\\\/sites\\\/2\\\/2025\\\/02\\\/veebi1.jpg\",\"datePublished\":\"2025-02-21T14:43:39+00:00\",\"dateModified\":\"2026-02-11T20:16:14+00:00\",\"description\":\"Rastapatside pesemiseks sobilik vedelseep\\\/\u0161ampoon, 100% looduslik\",\"breadcrumb\":{\"@id\":\"https:\\\/\\\/www.rastapatsid.ee\\\/pood\\\/toode\\\/drbronners\\\/#breadcrumb\"},\"inLanguage\":\"et\",\"potentialAction\":[{\"@type\":\"ReadAction\",\"target\":[\"https:\\\/\\\/www.rastapatsid.ee\\\/pood\\\/toode\\\/drbronners\\\/\"]}]},{\"@type\":\"ImageObject\",\"inLanguage\":\"et\",\"@id\":\"https:\\\/\\\/www.rastapatsid.ee\\\/pood\\\/toode\\\/drbronners\\\/#primaryimage\",\"url\":\"https:\\\/\\\/www.rastapatsid.ee\\\/pood\\\/wp-content\\\/uploads\\\/sites\\\/2\\\/2025\\\/02\\\/veebi1.jpg\",\"contentUrl\":\"https:\\\/\\\/www.rastapatsid.ee\\\/pood\\\/wp-content\\\/uploads\\\/sites\\\/2\\\/2025\\\/02\\\/veebi1.jpg\",\"width\":2560,\"height\":2560},{\"@type\":\"BreadcrumbList\",\"@id\":\"https:\\\/\\\/www.rastapatsid.ee\\\/pood\\\/toode\\\/drbronners\\\/#breadcrumb\",\"itemListElement\":[{\"@type\":\"ListItem\",\"position\":1,\"name\":\"Home\",\"item\":\"https:\\\/\\\/www.rastapatsid.ee\\\/pood\\\/\"},{\"@type\":\"ListItem\",\"position\":2,\"name\":\"Tooted\",\"item\":\"https:\\\/\\\/rastapatsid.ee\\\/pood\\\/tooted\\\/\"},{\"@type\":\"ListItem\",\"position\":3,\"name\":\"Dr. Bronner&#8217;s piparm\u00fcndi vedelseep (475ml)\"}]},{\"@type\":\"WebSite\",\"@id\":\"https:\\\/\\\/rastapatsid.ee\\\/pood\\\/#website\",\"url\":\"https:\\\/\\\/rastapatsid.ee\\\/pood\\\/\",\"name\":\"TANERADREADS POOD\",\"description\":\"Eriline, julge ja t\u00e4hendusrikas enesev\u00e4ljendus!\",\"publisher\":{\"@id\":\"https:\\\/\\\/rastapatsid.ee\\\/pood\\\/#organization\"},\"potentialAction\":[{\"@type\":\"SearchAction\",\"target\":{\"@type\":\"EntryPoint\",\"urlTemplate\":\"https:\\\/\\\/rastapatsid.ee\\\/pood\\\/?s={search_term_string}\"},\"query-input\":{\"@type\":\"PropertyValueSpecification\",\"valueRequired\":true,\"valueName\":\"search_term_string\"}}],\"inLanguage\":\"et\"},{\"@type\":\"Organization\",\"@id\":\"https:\\\/\\\/rastapatsid.ee\\\/pood\\\/#organization\",\"name\":\"Taneradreads Rastapatsid\",\"url\":\"https:\\\/\\\/rastapatsid.ee\\\/pood\\\/\",\"logo\":{\"@type\":\"ImageObject\",\"inLanguage\":\"et\",\"@id\":\"https:\\\/\\\/rastapatsid.ee\\\/pood\\\/#\\\/schema\\\/logo\\\/image\\\/\",\"url\":\"https:\\\/\\\/rastapatsid.ee\\\/pood\\\/wp-content\\\/uploads\\\/sites\\\/2\\\/2020\\\/10\\\/cropped-iconsmall.png\",\"contentUrl\":\"https:\\\/\\\/rastapatsid.ee\\\/pood\\\/wp-content\\\/uploads\\\/sites\\\/2\\\/2020\\\/10\\\/cropped-iconsmall.png\",\"width\":512,\"height\":512,\"caption\":\"Taneradreads Rastapatsid\"},\"image\":{\"@id\":\"https:\\\/\\\/rastapatsid.ee\\\/pood\\\/#\\\/schema\\\/logo\\\/image\\\/\"},\"sameAs\":[\"https:\\\/\\\/www.facebook.com\\\/taneradreads\",\"https:\\\/\\\/instagram.com\\\/taneradreads\",\"https:\\\/\\\/www.youtube.com\\\/c\\\/taneradreadsrastapatsid\"]}]}<\/script>\n<!-- \/ Yoast SEO plugin. -->","yoast_head_json":{"title":"Dr. Bronner's piparm\u00fcndi vedelseep (475ml) - TANERADREADS POOD","description":"Rastapatside pesemiseks sobilik vedelseep\/\u0161ampoon, 100% looduslik","robots":{"index":"index","follow":"follow","max-snippet":"max-snippet:-1","max-image-preview":"max-image-preview:large","max-video-preview":"max-video-preview:-1"},"canonical":"https:\/\/www.rastapatsid.ee\/pood\/toode\/drbronners\/","og_locale":"et_EE","og_type":"article","og_title":"Dr. Bronner's piparm\u00fcndi vedelseep (475ml) - TANERADREADS POOD","og_description":"Rastapatside pesemiseks sobilik vedelseep\/\u0161ampoon, 100% looduslik","og_url":"https:\/\/www.rastapatsid.ee\/pood\/toode\/drbronners\/","og_site_name":"TANERADREADS POOD","article_publisher":"https:\/\/www.facebook.com\/taneradreads","article_modified_time":"2026-02-11T20:16:14+00:00","og_image":[{"width":2560,"height":2560,"url":"https:\/\/rastapatsid.ee\/pood\/wp-content\/uploads\/sites\/2\/2025\/02\/veebi1.jpg","type":"image\/jpeg"}],"twitter_card":"summary_large_image","twitter_misc":{"Est. reading time":"2 minutit"},"schema":{"@context":"https:\/\/schema.org","@graph":[{"@type":"WebPage","@id":"https:\/\/www.rastapatsid.ee\/pood\/toode\/drbronners\/","url":"https:\/\/www.rastapatsid.ee\/pood\/toode\/drbronners\/","name":"Dr. Bronner's piparm\u00fcndi vedelseep (475ml) - TANERADREADS POOD","isPartOf":{"@id":"https:\/\/rastapatsid.ee\/pood\/#website"},"primaryImageOfPage":{"@id":"https:\/\/www.rastapatsid.ee\/pood\/toode\/drbronners\/#primaryimage"},"image":{"@id":"https:\/\/www.rastapatsid.ee\/pood\/toode\/drbronners\/#primaryimage"},"thumbnailUrl":"https:\/\/www.rastapatsid.ee\/pood\/wp-content\/uploads\/sites\/2\/2025\/02\/veebi1.jpg","datePublished":"2025-02-21T14:43:39+00:00","dateModified":"2026-02-11T20:16:14+00:00","description":"Rastapatside pesemiseks sobilik vedelseep\/\u0161ampoon, 100% looduslik","breadcrumb":{"@id":"https:\/\/www.rastapatsid.ee\/pood\/toode\/drbronners\/#breadcrumb"},"inLanguage":"et","potentialAction":[{"@type":"ReadAction","target":["https:\/\/www.rastapatsid.ee\/pood\/toode\/drbronners\/"]}]},{"@type":"ImageObject","inLanguage":"et","@id":"https:\/\/www.rastapatsid.ee\/pood\/toode\/drbronners\/#primaryimage","url":"https:\/\/www.rastapatsid.ee\/pood\/wp-content\/uploads\/sites\/2\/2025\/02\/veebi1.jpg","contentUrl":"https:\/\/www.rastapatsid.ee\/pood\/wp-content\/uploads\/sites\/2\/2025\/02\/veebi1.jpg","width":2560,"height":2560},{"@type":"BreadcrumbList","@id":"https:\/\/www.rastapatsid.ee\/pood\/toode\/drbronners\/#breadcrumb","itemListElement":[{"@type":"ListItem","position":1,"name":"Home","item":"https:\/\/www.rastapatsid.ee\/pood\/"},{"@type":"ListItem","position":2,"name":"Tooted","item":"https:\/\/rastapatsid.ee\/pood\/tooted\/"},{"@type":"ListItem","position":3,"name":"Dr. Bronner&#8217;s piparm\u00fcndi vedelseep (475ml)"}]},{"@type":"WebSite","@id":"https:\/\/rastapatsid.ee\/pood\/#website","url":"https:\/\/rastapatsid.ee\/pood\/","name":"TANERADREADS POOD","description":"Eriline, julge ja t\u00e4hendusrikas enesev\u00e4ljendus!","publisher":{"@id":"https:\/\/rastapatsid.ee\/pood\/#organization"},"potentialAction":[{"@type":"SearchAction","target":{"@type":"EntryPoint","urlTemplate":"https:\/\/rastapatsid.ee\/pood\/?s={search_term_string}"},"query-input":{"@type":"PropertyValueSpecification","valueRequired":true,"valueName":"search_term_string"}}],"inLanguage":"et"},{"@type":"Organization","@id":"https:\/\/rastapatsid.ee\/pood\/#organization","name":"Taneradreads Rastapatsid","url":"https:\/\/rastapatsid.ee\/pood\/","logo":{"@type":"ImageObject","inLanguage":"et","@id":"https:\/\/rastapatsid.ee\/pood\/#\/schema\/logo\/image\/","url":"https:\/\/rastapatsid.ee\/pood\/wp-content\/uploads\/sites\/2\/2020\/10\/cropped-iconsmall.png","contentUrl":"https:\/\/rastapatsid.ee\/pood\/wp-content\/uploads\/sites\/2\/2020\/10\/cropped-iconsmall.png","width":512,"height":512,"caption":"Taneradreads Rastapatsid"},"image":{"@id":"https:\/\/rastapatsid.ee\/pood\/#\/schema\/logo\/image\/"},"sameAs":["https:\/\/www.facebook.com\/taneradreads","https:\/\/instagram.com\/taneradreads","https:\/\/www.youtube.com\/c\/taneradreadsrastapatsid"]}]}},"jetpack_sharing_enabled":true,"_links":{"self":[{"href":"https:\/\/www.rastapatsid.ee\/pood\/wp-json\/wp\/v2\/product\/2164","targetHints":{"allow":["GET"]}}],"collection":[{"href":"https:\/\/www.rastapatsid.ee\/pood\/wp-json\/wp\/v2\/product"}],"about":[{"href":"https:\/\/www.rastapatsid.ee\/pood\/wp-json\/wp\/v2\/types\/product"}],"replies":[{"embeddable":true,"href":"https:\/\/www.rastapatsid.ee\/pood\/wp-json\/wp\/v2\/comments?post=2164"}],"wp:featuredmedia":[{"embeddable":true,"href":"https:\/\/www.rastapatsid.ee\/pood\/wp-json\/wp\/v2\/media\/2166"}],"wp:attachment":[{"href":"https:\/\/www.rastapatsid.ee\/pood\/wp-json\/wp\/v2\/media?parent=2164"}],"wp:term":[{"taxonomy":"product_brand","embeddable":true,"href":"https:\/\/www.rastapatsid.ee\/pood\/wp-json\/wp\/v2\/product_brand?post=2164"},{"taxonomy":"product_cat","embeddable":true,"href":"https:\/\/www.rastapatsid.ee\/pood\/wp-json\/wp\/v2\/product_cat?post=2164"},{"taxonomy":"product_tag","embeddable":true,"href":"https:\/\/www.rastapatsid.ee\/pood\/wp-json\/wp\/v2\/product_tag?post=2164"}],"curies":[{"name":"wp","href":"https:\/\/api.w.org\/{rel}","templated":true}]}}