{"id":818,"date":"2019-01-23T06:31:06","date_gmt":"2019-01-23T06:31:06","guid":{"rendered":"https:\/\/rastapatsid.ee\/pood\/home\/"},"modified":"2026-01-11T22:30:05","modified_gmt":"2026-01-11T22:30:05","slug":"home","status":"publish","type":"page","link":"https:\/\/www.rastapatsid.ee\/pood\/","title":{"rendered":"Esileht"},"content":{"rendered":"\t\t<div data-elementor-type=\"wp-post\" data-elementor-id=\"818\" class=\"elementor elementor-818\">\n\t\t\t\t\t\t<section class=\"elementor-section elementor-top-section elementor-element elementor-element-7ae8eb8 elementor-section-height-full elementor-section-content-middle elementor-section-boxed elementor-section-height-default elementor-section-items-middle\" data-id=\"7ae8eb8\" data-element_type=\"section\" data-e-type=\"section\" data-settings=\"{&quot;background_background&quot;:&quot;classic&quot;}\">\n\t\t\t\t\t\t\t<div class=\"elementor-background-overlay\"><\/div>\n\t\t\t\t\t\t\t<div class=\"elementor-container elementor-column-gap-no\">\n\t\t\t\t\t<div class=\"elementor-column elementor-col-100 elementor-top-column elementor-element elementor-element-ba33877\" data-id=\"ba33877\" data-element_type=\"column\" data-e-type=\"column\">\n\t\t\t<div class=\"elementor-widget-wrap elementor-element-populated\">\n\t\t\t\t\t\t<div class=\"elementor-element elementor-element-a263b45 elementor-widget elementor-widget-spacer\" data-id=\"a263b45\" data-element_type=\"widget\" data-e-type=\"widget\" data-widget_type=\"spacer.default\">\n\t\t\t\t<div class=\"elementor-widget-container\">\n\t\t\t\t\t\t\t<div class=\"elementor-spacer\">\n\t\t\t<div class=\"elementor-spacer-inner\"><\/div>\n\t\t<\/div>\n\t\t\t\t\t\t<\/div>\n\t\t\t\t<\/div>\n\t\t\t\t<div class=\"elementor-element elementor-element-71b2479 elementor-widget elementor-widget-image\" data-id=\"71b2479\" data-element_type=\"widget\" data-e-type=\"widget\" data-widget_type=\"image.default\">\n\t\t\t\t<div class=\"elementor-widget-container\">\n\t\t\t\t\t\t\t\t\t\t\t\t\t\t\t\t<a href=\"https:\/\/rastapatsid.ee\/pood\/toode\/rastapatside-sampoon-dreadlab\/\">\n\t\t\t\t\t\t\t<img fetchpriority=\"high\" decoding=\"async\" width=\"300\" height=\"300\" src=\"https:\/\/rastapatsid.ee\/pood\/wp-content\/uploads\/sites\/2\/2025\/06\/website-shamp-300x300.png\" class=\"attachment-medium size-medium wp-image-2191\" alt=\"\" srcset=\"https:\/\/rastapatsid.ee\/pood\/wp-content\/uploads\/sites\/2\/2025\/06\/website-shamp-300x300.png 300w, https:\/\/rastapatsid.ee\/pood\/wp-content\/uploads\/sites\/2\/2025\/06\/website-shamp-1024x1024.png 1024w, https:\/\/rastapatsid.ee\/pood\/wp-content\/uploads\/sites\/2\/2025\/06\/website-shamp-150x150.png 150w, https:\/\/rastapatsid.ee\/pood\/wp-content\/uploads\/sites\/2\/2025\/06\/website-shamp-768x768.png 768w, https:\/\/rastapatsid.ee\/pood\/wp-content\/uploads\/sites\/2\/2025\/06\/website-shamp-1536x1536.png 1536w, https:\/\/rastapatsid.ee\/pood\/wp-content\/uploads\/sites\/2\/2025\/06\/website-shamp-600x600.png 600w, https:\/\/rastapatsid.ee\/pood\/wp-content\/uploads\/sites\/2\/2025\/06\/website-shamp-100x100.png 100w, https:\/\/rastapatsid.ee\/pood\/wp-content\/uploads\/sites\/2\/2025\/06\/website-shamp.png 1868w\" sizes=\"(max-width: 300px) 100vw, 300px\" \/>\t\t\t\t\t\t\t\t<\/a>\n\t\t\t\t\t\t\t\t\t\t\t\t\t\t\t<\/div>\n\t\t\t\t<\/div>\n\t\t\t\t\t<\/div>\n\t\t<\/div>\n\t\t\t\t\t<\/div>\n\t\t<\/section>\n\t\t\t\t<section class=\"elementor-section elementor-top-section elementor-element elementor-element-933f623 elementor-section-boxed elementor-section-height-default elementor-section-height-default\" data-id=\"933f623\" data-element_type=\"section\" data-e-type=\"section\" data-settings=\"{&quot;background_background&quot;:&quot;classic&quot;}\">\n\t\t\t\t\t\t<div class=\"elementor-container elementor-column-gap-default\">\n\t\t\t\t\t<div class=\"elementor-column elementor-col-100 elementor-top-column elementor-element elementor-element-18c7ea7\" data-id=\"18c7ea7\" data-element_type=\"column\" data-e-type=\"column\">\n\t\t\t<div class=\"elementor-widget-wrap elementor-element-populated\">\n\t\t\t\t\t\t<div class=\"elementor-element elementor-element-563725b elementor-widget elementor-widget-image\" data-id=\"563725b\" data-element_type=\"widget\" data-e-type=\"widget\" data-widget_type=\"image.default\">\n\t\t\t\t<div class=\"elementor-widget-container\">\n\t\t\t\t\t\t\t\t\t\t\t\t\t\t\t\t<a href=\"https:\/\/rastapatsid.ee\/pood\/tooted\/\">\n\t\t\t\t\t\t\t<img decoding=\"async\" width=\"1024\" height=\"241\" src=\"https:\/\/rastapatsid.ee\/pood\/wp-content\/uploads\/sites\/2\/2026\/01\/tootednupp3-1024x241.png\" class=\"attachment-large size-large wp-image-2212\" alt=\"\" srcset=\"https:\/\/rastapatsid.ee\/pood\/wp-content\/uploads\/sites\/2\/2026\/01\/tootednupp3-1024x241.png 1024w, https:\/\/rastapatsid.ee\/pood\/wp-content\/uploads\/sites\/2\/2026\/01\/tootednupp3-300x71.png 300w, https:\/\/rastapatsid.ee\/pood\/wp-content\/uploads\/sites\/2\/2026\/01\/tootednupp3-768x181.png 768w, https:\/\/rastapatsid.ee\/pood\/wp-content\/uploads\/sites\/2\/2026\/01\/tootednupp3-600x141.png 600w, https:\/\/rastapatsid.ee\/pood\/wp-content\/uploads\/sites\/2\/2026\/01\/tootednupp3.png 1500w\" sizes=\"(max-width: 1024px) 100vw, 1024px\" \/>\t\t\t\t\t\t\t\t<\/a>\n\t\t\t\t\t\t\t\t\t\t\t\t\t\t\t<\/div>\n\t\t\t\t<\/div>\n\t\t\t\t\t<\/div>\n\t\t<\/div>\n\t\t\t\t\t<\/div>\n\t\t<\/section>\n\t\t\t\t<\/div>\n\t\t","protected":false},"excerpt":{"rendered":"","protected":false},"author":1,"featured_media":0,"parent":0,"menu_order":0,"comment_status":"closed","ping_status":"closed","template":"","meta":{"site-sidebar-layout":"no-sidebar","site-content-layout":"page-builder","ast-site-content-layout":"full-width-container","site-content-style":"unboxed","site-sidebar-style":"unboxed","ast-global-header-display":"","ast-banner-title-visibility":"","ast-main-header-display":"","ast-hfb-above-header-display":"","ast-hfb-below-header-display":"","ast-hfb-mobile-header-display":"","site-post-title":"disabled","ast-breadcrumbs-content":"","ast-featured-img":"disabled","footer-sml-layout":"","ast-disable-related-posts":"","theme-transparent-header-meta":"enabled","adv-header-id-meta":"","stick-header-meta":"","header-above-stick-meta":"","header-main-stick-meta":"","header-below-stick-meta":"","astra-migrate-meta-layouts":"set","ast-page-background-enabled":"default","ast-page-background-meta":{"desktop":{"background-color":"","background-image":"","background-repeat":"repeat","background-position":"center center","background-size":"auto","background-attachment":"scroll","background-type":"","background-media":"","overlay-type":"","overlay-color":"","overlay-opacity":"","overlay-gradient":""},"tablet":{"background-color":"","background-image":"","background-repeat":"repeat","background-position":"center center","background-size":"auto","background-attachment":"scroll","background-type":"","background-media":"","overlay-type":"","overlay-color":"","overlay-opacity":"","overlay-gradient":""},"mobile":{"background-color":"","background-image":"","background-repeat":"repeat","background-position":"center center","background-size":"auto","background-attachment":"scroll","background-type":"","background-media":"","overlay-type":"","overlay-color":"","overlay-opacity":"","overlay-gradient":""}},"ast-content-background-meta":{"desktop":{"background-color":"var(--ast-global-color-5)","background-image":"","background-repeat":"repeat","background-position":"center center","background-size":"auto","background-attachment":"scroll","background-type":"","background-media":"","overlay-type":"","overlay-color":"","overlay-opacity":"","overlay-gradient":""},"tablet":{"background-color":"var(--ast-global-color-5)","background-image":"","background-repeat":"repeat","background-position":"center center","background-size":"auto","background-attachment":"scroll","background-type":"","background-media":"","overlay-type":"","overlay-color":"","overlay-opacity":"","overlay-gradient":""},"mobile":{"background-color":"var(--ast-global-color-5)","background-image":"","background-repeat":"repeat","background-position":"center center","background-size":"auto","background-attachment":"scroll","background-type":"","background-media":"","overlay-type":"","overlay-color":"","overlay-opacity":"","overlay-gradient":""}},"footnotes":""},"class_list":["post-818","page","type-page","status-publish","hentry"],"yoast_head":"<!-- This site is optimized with the Yoast SEO plugin v27.5 - https:\/\/yoast.com\/product\/yoast-seo-wordpress\/ -->\n<title>Rastapatsid.ee \u2502 E-POOD<\/title>\n<meta name=\"description\" content=\"Rastapatside \u0161ampoon, tarvikud ja t\u00f6\u00f6riistad \u2013 k\u00f5ik, mida endast lugupidav patsikandja vajab. Parim kvaliteet ja rohkem tooteid lisandub j\u00e4rjest juurde!\" \/>\n<meta name=\"robots\" content=\"index, follow, max-snippet:-1, max-image-preview:large, max-video-preview:-1\" \/>\n<link rel=\"canonical\" href=\"https:\/\/www.rastapatsid.ee\/pood\/\" \/>\n<meta property=\"og:locale\" content=\"et_EE\" \/>\n<meta property=\"og:type\" content=\"article\" \/>\n<meta property=\"og:title\" content=\"Rastapatsid.ee \u2502 E-POOD\" \/>\n<meta property=\"og:description\" content=\"Rastapatside \u0161ampoon, tarvikud ja t\u00f6\u00f6riistad \u2013 k\u00f5ik, mida endast lugupidav patsikandja vajab. Parim kvaliteet ja rohkem tooteid lisandub j\u00e4rjest juurde!\" \/>\n<meta property=\"og:url\" content=\"https:\/\/www.rastapatsid.ee\/pood\/\" \/>\n<meta property=\"og:site_name\" content=\"TANERADREADS POOD\" \/>\n<meta property=\"article:publisher\" content=\"https:\/\/www.facebook.com\/taneradreads\" \/>\n<meta property=\"article:modified_time\" content=\"2026-01-11T22:30:05+00:00\" \/>\n<meta property=\"og:image\" content=\"https:\/\/rastapatsid.ee\/pood\/wp-content\/uploads\/sites\/2\/2025\/06\/website-shamp-300x300.png\" \/>\n<meta name=\"twitter:card\" content=\"summary_large_image\" \/>\n<meta name=\"twitter:label1\" content=\"Est. reading time\" \/>\n\t<meta name=\"twitter:data1\" content=\"1 minut\" \/>\n<script type=\"application\/ld+json\" class=\"yoast-schema-graph\">{\"@context\":\"https:\\\/\\\/schema.org\",\"@graph\":[{\"@type\":\"WebPage\",\"@id\":\"https:\\\/\\\/www.rastapatsid.ee\\\/pood\\\/\",\"url\":\"https:\\\/\\\/www.rastapatsid.ee\\\/pood\\\/\",\"name\":\"Rastapatsid.ee \u2502 E-POOD\",\"isPartOf\":{\"@id\":\"https:\\\/\\\/rastapatsid.ee\\\/pood\\\/#website\"},\"primaryImageOfPage\":{\"@id\":\"https:\\\/\\\/www.rastapatsid.ee\\\/pood\\\/#primaryimage\"},\"image\":{\"@id\":\"https:\\\/\\\/www.rastapatsid.ee\\\/pood\\\/#primaryimage\"},\"thumbnailUrl\":\"https:\\\/\\\/rastapatsid.ee\\\/pood\\\/wp-content\\\/uploads\\\/sites\\\/2\\\/2025\\\/06\\\/website-shamp-300x300.png\",\"datePublished\":\"2019-01-23T06:31:06+00:00\",\"dateModified\":\"2026-01-11T22:30:05+00:00\",\"description\":\"Rastapatside \u0161ampoon, tarvikud ja t\u00f6\u00f6riistad \u2013 k\u00f5ik, mida endast lugupidav patsikandja vajab. Parim kvaliteet ja rohkem tooteid lisandub j\u00e4rjest juurde!\",\"breadcrumb\":{\"@id\":\"https:\\\/\\\/www.rastapatsid.ee\\\/pood\\\/#breadcrumb\"},\"inLanguage\":\"et\",\"potentialAction\":[{\"@type\":\"ReadAction\",\"target\":[\"https:\\\/\\\/www.rastapatsid.ee\\\/pood\\\/\"]}]},{\"@type\":\"ImageObject\",\"inLanguage\":\"et\",\"@id\":\"https:\\\/\\\/www.rastapatsid.ee\\\/pood\\\/#primaryimage\",\"url\":\"https:\\\/\\\/rastapatsid.ee\\\/pood\\\/wp-content\\\/uploads\\\/sites\\\/2\\\/2025\\\/06\\\/website-shamp-300x300.png\",\"contentUrl\":\"https:\\\/\\\/rastapatsid.ee\\\/pood\\\/wp-content\\\/uploads\\\/sites\\\/2\\\/2025\\\/06\\\/website-shamp-300x300.png\"},{\"@type\":\"BreadcrumbList\",\"@id\":\"https:\\\/\\\/www.rastapatsid.ee\\\/pood\\\/#breadcrumb\",\"itemListElement\":[{\"@type\":\"ListItem\",\"position\":1,\"name\":\"Home\",\"item\":\"https:\\\/\\\/www.rastapatsid.ee\\\/pood\\\/\"},{\"@type\":\"ListItem\",\"position\":2,\"name\":\"Esileht\"}]},{\"@type\":\"WebSite\",\"@id\":\"https:\\\/\\\/rastapatsid.ee\\\/pood\\\/#website\",\"url\":\"https:\\\/\\\/rastapatsid.ee\\\/pood\\\/\",\"name\":\"TANERADREADS POOD\",\"description\":\"Eriline, julge ja t\u00e4hendusrikas enesev\u00e4ljendus!\",\"publisher\":{\"@id\":\"https:\\\/\\\/rastapatsid.ee\\\/pood\\\/#organization\"},\"potentialAction\":[{\"@type\":\"SearchAction\",\"target\":{\"@type\":\"EntryPoint\",\"urlTemplate\":\"https:\\\/\\\/rastapatsid.ee\\\/pood\\\/?s={search_term_string}\"},\"query-input\":{\"@type\":\"PropertyValueSpecification\",\"valueRequired\":true,\"valueName\":\"search_term_string\"}}],\"inLanguage\":\"et\"},{\"@type\":\"Organization\",\"@id\":\"https:\\\/\\\/rastapatsid.ee\\\/pood\\\/#organization\",\"name\":\"Taneradreads Rastapatsid\",\"url\":\"https:\\\/\\\/rastapatsid.ee\\\/pood\\\/\",\"logo\":{\"@type\":\"ImageObject\",\"inLanguage\":\"et\",\"@id\":\"https:\\\/\\\/rastapatsid.ee\\\/pood\\\/#\\\/schema\\\/logo\\\/image\\\/\",\"url\":\"https:\\\/\\\/rastapatsid.ee\\\/pood\\\/wp-content\\\/uploads\\\/sites\\\/2\\\/2020\\\/10\\\/cropped-iconsmall.png\",\"contentUrl\":\"https:\\\/\\\/rastapatsid.ee\\\/pood\\\/wp-content\\\/uploads\\\/sites\\\/2\\\/2020\\\/10\\\/cropped-iconsmall.png\",\"width\":512,\"height\":512,\"caption\":\"Taneradreads Rastapatsid\"},\"image\":{\"@id\":\"https:\\\/\\\/rastapatsid.ee\\\/pood\\\/#\\\/schema\\\/logo\\\/image\\\/\"},\"sameAs\":[\"https:\\\/\\\/www.facebook.com\\\/taneradreads\",\"https:\\\/\\\/instagram.com\\\/taneradreads\",\"https:\\\/\\\/www.youtube.com\\\/c\\\/taneradreadsrastapatsid\"]}]}<\/script>\n<!-- \/ Yoast SEO plugin. -->","yoast_head_json":{"title":"Rastapatsid.ee \u2502 E-POOD","description":"Rastapatside \u0161ampoon, tarvikud ja t\u00f6\u00f6riistad \u2013 k\u00f5ik, mida endast lugupidav patsikandja vajab. Parim kvaliteet ja rohkem tooteid lisandub j\u00e4rjest juurde!","robots":{"index":"index","follow":"follow","max-snippet":"max-snippet:-1","max-image-preview":"max-image-preview:large","max-video-preview":"max-video-preview:-1"},"canonical":"https:\/\/www.rastapatsid.ee\/pood\/","og_locale":"et_EE","og_type":"article","og_title":"Rastapatsid.ee \u2502 E-POOD","og_description":"Rastapatside \u0161ampoon, tarvikud ja t\u00f6\u00f6riistad \u2013 k\u00f5ik, mida endast lugupidav patsikandja vajab. Parim kvaliteet ja rohkem tooteid lisandub j\u00e4rjest juurde!","og_url":"https:\/\/www.rastapatsid.ee\/pood\/","og_site_name":"TANERADREADS POOD","article_publisher":"https:\/\/www.facebook.com\/taneradreads","article_modified_time":"2026-01-11T22:30:05+00:00","og_image":[{"url":"https:\/\/rastapatsid.ee\/pood\/wp-content\/uploads\/sites\/2\/2025\/06\/website-shamp-300x300.png","type":"","width":"","height":""}],"twitter_card":"summary_large_image","twitter_misc":{"Est. reading time":"1 minut"},"schema":{"@context":"https:\/\/schema.org","@graph":[{"@type":"WebPage","@id":"https:\/\/www.rastapatsid.ee\/pood\/","url":"https:\/\/www.rastapatsid.ee\/pood\/","name":"Rastapatsid.ee \u2502 E-POOD","isPartOf":{"@id":"https:\/\/rastapatsid.ee\/pood\/#website"},"primaryImageOfPage":{"@id":"https:\/\/www.rastapatsid.ee\/pood\/#primaryimage"},"image":{"@id":"https:\/\/www.rastapatsid.ee\/pood\/#primaryimage"},"thumbnailUrl":"https:\/\/rastapatsid.ee\/pood\/wp-content\/uploads\/sites\/2\/2025\/06\/website-shamp-300x300.png","datePublished":"2019-01-23T06:31:06+00:00","dateModified":"2026-01-11T22:30:05+00:00","description":"Rastapatside \u0161ampoon, tarvikud ja t\u00f6\u00f6riistad \u2013 k\u00f5ik, mida endast lugupidav patsikandja vajab. Parim kvaliteet ja rohkem tooteid lisandub j\u00e4rjest juurde!","breadcrumb":{"@id":"https:\/\/www.rastapatsid.ee\/pood\/#breadcrumb"},"inLanguage":"et","potentialAction":[{"@type":"ReadAction","target":["https:\/\/www.rastapatsid.ee\/pood\/"]}]},{"@type":"ImageObject","inLanguage":"et","@id":"https:\/\/www.rastapatsid.ee\/pood\/#primaryimage","url":"https:\/\/rastapatsid.ee\/pood\/wp-content\/uploads\/sites\/2\/2025\/06\/website-shamp-300x300.png","contentUrl":"https:\/\/rastapatsid.ee\/pood\/wp-content\/uploads\/sites\/2\/2025\/06\/website-shamp-300x300.png"},{"@type":"BreadcrumbList","@id":"https:\/\/www.rastapatsid.ee\/pood\/#breadcrumb","itemListElement":[{"@type":"ListItem","position":1,"name":"Home","item":"https:\/\/www.rastapatsid.ee\/pood\/"},{"@type":"ListItem","position":2,"name":"Esileht"}]},{"@type":"WebSite","@id":"https:\/\/rastapatsid.ee\/pood\/#website","url":"https:\/\/rastapatsid.ee\/pood\/","name":"TANERADREADS POOD","description":"Eriline, julge ja t\u00e4hendusrikas enesev\u00e4ljendus!","publisher":{"@id":"https:\/\/rastapatsid.ee\/pood\/#organization"},"potentialAction":[{"@type":"SearchAction","target":{"@type":"EntryPoint","urlTemplate":"https:\/\/rastapatsid.ee\/pood\/?s={search_term_string}"},"query-input":{"@type":"PropertyValueSpecification","valueRequired":true,"valueName":"search_term_string"}}],"inLanguage":"et"},{"@type":"Organization","@id":"https:\/\/rastapatsid.ee\/pood\/#organization","name":"Taneradreads Rastapatsid","url":"https:\/\/rastapatsid.ee\/pood\/","logo":{"@type":"ImageObject","inLanguage":"et","@id":"https:\/\/rastapatsid.ee\/pood\/#\/schema\/logo\/image\/","url":"https:\/\/rastapatsid.ee\/pood\/wp-content\/uploads\/sites\/2\/2020\/10\/cropped-iconsmall.png","contentUrl":"https:\/\/rastapatsid.ee\/pood\/wp-content\/uploads\/sites\/2\/2020\/10\/cropped-iconsmall.png","width":512,"height":512,"caption":"Taneradreads Rastapatsid"},"image":{"@id":"https:\/\/rastapatsid.ee\/pood\/#\/schema\/logo\/image\/"},"sameAs":["https:\/\/www.facebook.com\/taneradreads","https:\/\/instagram.com\/taneradreads","https:\/\/www.youtube.com\/c\/taneradreadsrastapatsid"]}]}},"jetpack_sharing_enabled":true,"_links":{"self":[{"href":"https:\/\/www.rastapatsid.ee\/pood\/wp-json\/wp\/v2\/pages\/818","targetHints":{"allow":["GET"]}}],"collection":[{"href":"https:\/\/www.rastapatsid.ee\/pood\/wp-json\/wp\/v2\/pages"}],"about":[{"href":"https:\/\/www.rastapatsid.ee\/pood\/wp-json\/wp\/v2\/types\/page"}],"author":[{"embeddable":true,"href":"https:\/\/www.rastapatsid.ee\/pood\/wp-json\/wp\/v2\/users\/1"}],"replies":[{"embeddable":true,"href":"https:\/\/www.rastapatsid.ee\/pood\/wp-json\/wp\/v2\/comments?post=818"}],"version-history":[{"count":5,"href":"https:\/\/www.rastapatsid.ee\/pood\/wp-json\/wp\/v2\/pages\/818\/revisions"}],"predecessor-version":[{"id":2215,"href":"https:\/\/www.rastapatsid.ee\/pood\/wp-json\/wp\/v2\/pages\/818\/revisions\/2215"}],"wp:attachment":[{"href":"https:\/\/www.rastapatsid.ee\/pood\/wp-json\/wp\/v2\/media?parent=818"}],"curies":[{"name":"wp","href":"https:\/\/api.w.org\/{rel}","templated":true}]}}